{"id":281,"date":"2021-02-07T14:56:57","date_gmt":"2021-02-07T14:56:57","guid":{"rendered":"http:\/\/uzupis.epochuratu.lt\/?page_id=281"},"modified":"2021-02-09T09:46:19","modified_gmt":"2021-02-09T09:46:19","slug":"filmukai","status":"publish","type":"page","link":"https:\/\/uzupis.epochuratu.lt\/?page_id=281","title":{"rendered":"FILMUKAI"},"content":{"rendered":"\n<p>1A &#8211; <a rel=\"noreferrer noopener\" href=\"https:\/\/youtu.be\/yvG5aIog1Xw\" target=\"_blank\">Bendra U\u017eupio istorija <\/a><br>1B &#8211; <a rel=\"noreferrer noopener\" href=\"https:\/\/youtu.be\/noSe8nhUOjA\" target=\"_blank\">Ar U\u017eupis tapo ekologi\u0161kesnis?<br><\/a>1C &#8211; <a rel=\"noreferrer noopener\" href=\"https:\/\/youtu.be\/5fTKHZ8nJnc\" target=\"_blank\">Bernardin\u0173 kapin\u0117ms 210 met\u0173&nbsp;<\/a><br>1D &#8211; <a rel=\"noreferrer noopener\" href=\"https:\/\/youtu.be\/1V3Vuc60Spo\" target=\"_blank\">Gars\u016bs U\u017eupio \u017emon\u0117s<\/a><br>1E &#8211; <a rel=\"noreferrer noopener\" href=\"https:\/\/youtu.be\/nqktGOZrWDs\" target=\"_blank\">Menai U\u017eupyje vakar ir \u0161iandien<\/a><\/p>\n\n\n\n<p>2A &#8211; <a rel=\"noreferrer noopener\" href=\"https:\/\/www.youtube.com\/watch?v=3M6BawGg6cc&amp;feature=youtu.be\" data-type=\"URL\" data-id=\"https:\/\/www.youtube.com\/watch?v=3M6BawGg6cc&amp;feature=youtu.be\" target=\"_blank\">U\u017eupio Respublikos istorija<\/a><br>2B &#8211; <a rel=\"noreferrer noopener\" href=\"https:\/\/youtu.be\/qSBJgzqJiUw\" target=\"_blank\">U\u017eupio gatv\u0117s ir j\u0173 tinklas&nbsp;<\/a><br>2C &#8211; <a rel=\"noreferrer noopener\" href=\"https:\/\/youtu.be\/2_UIHw7jS-c\" target=\"_blank\">Ar U\u017eupis tapo ekologi\u0161kesnis?<\/a><br>2D &#8211; <a rel=\"noreferrer noopener\" href=\"https:\/\/youtu.be\/S1m32XValq0\" target=\"_blank\">Menai U\u017eupyje vakar ir \u0161iandien<\/a><br>2E &#8211; <a rel=\"noreferrer noopener\" href=\"https:\/\/youtu.be\/OAguzOkhGE8\" target=\"_blank\">Gars\u016bs U\u017eupio \u017emon\u0117s<\/a><\/p>\n\n\n\n<p>3A &#8211; <a rel=\"noreferrer noopener\" href=\"https:\/\/youtu.be\/ooWOwzt-5Zg\" target=\"_blank\">Literat\u016brinis U\u017eupis<\/a><br>3B &#8211; <a rel=\"noreferrer noopener\" href=\"https:\/\/youtu.be\/nRLQr7Ta7fU\" target=\"_blank\">U\u017eupio gatv\u0117s ir j\u0173 tinklas<\/a><br>3C &#8211; <a rel=\"noreferrer noopener\" href=\"https:\/\/youtu.be\/vvzAqkiDC6o\" target=\"_blank\">Ar U\u017eupis tapo ekologi\u0161kesnis?<\/a><br>3D &#8211; <a rel=\"noreferrer noopener\" href=\"https:\/\/youtu.be\/x0-vMtz9wCM\" target=\"_blank\">Menai U\u017eupyje vakar ir \u0161iandien<\/a><br>3E &#8211; <a rel=\"noreferrer noopener\" href=\"https:\/\/youtu.be\/abYUeexcl64\" target=\"_blank\">Gars\u016bs U\u017eupio \u017emon\u0117s<\/a><\/p>\n","protected":false},"excerpt":{"rendered":"<p>1A &#8211; Bendra U\u017eupio istorija 1B &#8211; Ar U\u017eupis tapo ekologi\u0161kesnis?1C &#8211; Bernardin\u0173 kapin\u0117ms 210 met\u0173&nbsp;1D &#8211; Gars\u016bs U\u017eupio \u017emon\u0117s1E &#8211; Menai U\u017eupyje vakar ir \u0161iandien 2A &#8211; U\u017eupio Respublikos <a class=\"more-link\" href=\"https:\/\/uzupis.epochuratu.lt\/?page_id=281\">[ . . . ]<\/a><\/p>\n","protected":false},"author":2,"featured_media":0,"parent":0,"menu_order":0,"comment_status":"closed","ping_status":"closed","template":"","meta":[],"_links":{"self":[{"href":"https:\/\/uzupis.epochuratu.lt\/index.php?rest_route=\/wp\/v2\/pages\/281"}],"collection":[{"href":"https:\/\/uzupis.epochuratu.lt\/index.php?rest_route=\/wp\/v2\/pages"}],"about":[{"href":"https:\/\/uzupis.epochuratu.lt\/index.php?rest_route=\/wp\/v2\/types\/page"}],"author":[{"embeddable":true,"href":"https:\/\/uzupis.epochuratu.lt\/index.php?rest_route=\/wp\/v2\/users\/2"}],"replies":[{"embeddable":true,"href":"https:\/\/uzupis.epochuratu.lt\/index.php?rest_route=%2Fwp%2Fv2%2Fcomments&post=281"}],"version-history":[{"count":6,"href":"https:\/\/uzupis.epochuratu.lt\/index.php?rest_route=\/wp\/v2\/pages\/281\/revisions"}],"predecessor-version":[{"id":331,"href":"https:\/\/uzupis.epochuratu.lt\/index.php?rest_route=\/wp\/v2\/pages\/281\/revisions\/331"}],"wp:attachment":[{"href":"https:\/\/uzupis.epochuratu.lt\/index.php?rest_route=%2Fwp%2Fv2%2Fmedia&parent=281"}],"curies":[{"name":"wp","href":"https:\/\/api.w.org\/{rel}","templated":true}]}}