{"id":356,"date":"2021-02-11T21:53:55","date_gmt":"2021-02-11T21:53:55","guid":{"rendered":"http:\/\/uzupis.epochuratu.lt\/?page_id=356"},"modified":"2021-02-12T11:40:53","modified_gmt":"2021-02-12T11:40:53","slug":"dainos","status":"publish","type":"page","link":"https:\/\/uzupis.epochuratu.lt\/?page_id=356","title":{"rendered":"DAINOS"},"content":{"rendered":"\n<p><strong>2E KLAS\u0116<\/strong><\/p>\n\n\n\n<figure class=\"wp-block-embed is-type-video is-provider-youtube wp-block-embed-youtube wp-embed-aspect-16-9 wp-has-aspect-ratio\"><div class=\"wp-block-embed__wrapper\">\n<iframe title=\"M\u016bs\u0173 dienos kaip \u0161vent\u0117\" width=\"650\" height=\"366\" src=\"https:\/\/www.youtube.com\/embed\/MGKFwyxqTh4?feature=oembed\" frameborder=\"0\" allow=\"accelerometer; autoplay; clipboard-write; encrypted-media; gyroscope; picture-in-picture\" allowfullscreen><\/iframe>\n<\/div><\/figure>\n\n\n\n<p><strong>3B KLAS\u0116<\/strong><\/p>\n\n\n\n<figure class=\"wp-block-audio\"><audio controls src=\"http:\/\/uzupis.epochuratu.lt\/wp-content\/uploads\/2021\/01\/VUG-POSSE-Uzyoupis-2.mp3\"><\/audio><\/figure>\n\n\n\n<p><strong>3C KLAS\u0116<\/strong><\/p>\n\n\n\n<figure class=\"wp-block-embed is-type-video is-provider-youtube wp-block-embed-youtube wp-embed-aspect-16-9 wp-has-aspect-ratio\"><div class=\"wp-block-embed__wrapper\">\n<iframe title=\"\u201e\u017dalias U\u017eupis\u201c\" width=\"650\" height=\"366\" src=\"https:\/\/www.youtube.com\/embed\/LUBi1gVDyc4?feature=oembed\" frameborder=\"0\" allow=\"accelerometer; autoplay; clipboard-write; encrypted-media; gyroscope; picture-in-picture\" allowfullscreen><\/iframe>\n<\/div><\/figure>\n\n\n\n<p><strong>3E KLAS\u0116<\/strong><\/p>\n\n\n\n<figure class=\"wp-block-embed is-type-video is-provider-youtube wp-block-embed-youtube wp-embed-aspect-16-9 wp-has-aspect-ratio\"><div class=\"wp-block-embed__wrapper\">\n<iframe title=\"U\u017eupiui\" width=\"650\" height=\"366\" src=\"https:\/\/www.youtube.com\/embed\/uVbJK27D6LA?start=1&#038;feature=oembed\" frameborder=\"0\" allow=\"accelerometer; autoplay; clipboard-write; encrypted-media; gyroscope; picture-in-picture\" allowfullscreen><\/iframe>\n<\/div><\/figure>\n","protected":false},"excerpt":{"rendered":"<p>2E KLAS\u0116 3B KLAS\u0116 3C KLAS\u0116 3E KLAS\u0116<\/p>\n","protected":false},"author":2,"featured_media":0,"parent":0,"menu_order":0,"comment_status":"closed","ping_status":"closed","template":"","meta":[],"_links":{"self":[{"href":"https:\/\/uzupis.epochuratu.lt\/index.php?rest_route=\/wp\/v2\/pages\/356"}],"collection":[{"href":"https:\/\/uzupis.epochuratu.lt\/index.php?rest_route=\/wp\/v2\/pages"}],"about":[{"href":"https:\/\/uzupis.epochuratu.lt\/index.php?rest_route=\/wp\/v2\/types\/page"}],"author":[{"embeddable":true,"href":"https:\/\/uzupis.epochuratu.lt\/index.php?rest_route=\/wp\/v2\/users\/2"}],"replies":[{"embeddable":true,"href":"https:\/\/uzupis.epochuratu.lt\/index.php?rest_route=%2Fwp%2Fv2%2Fcomments&post=356"}],"version-history":[{"count":7,"href":"https:\/\/uzupis.epochuratu.lt\/index.php?rest_route=\/wp\/v2\/pages\/356\/revisions"}],"predecessor-version":[{"id":393,"href":"https:\/\/uzupis.epochuratu.lt\/index.php?rest_route=\/wp\/v2\/pages\/356\/revisions\/393"}],"wp:attachment":[{"href":"https:\/\/uzupis.epochuratu.lt\/index.php?rest_route=%2Fwp%2Fv2%2Fmedia&parent=356"}],"curies":[{"name":"wp","href":"https:\/\/api.w.org\/{rel}","templated":true}]}}