{"id":361,"date":"2021-02-12T10:58:36","date_gmt":"2021-02-12T10:58:36","guid":{"rendered":"http:\/\/uzupis.epochuratu.lt\/?page_id=361"},"modified":"2021-02-22T10:53:27","modified_gmt":"2021-02-22T10:53:27","slug":"lankomi-objektai","status":"publish","type":"page","link":"https:\/\/uzupis.epochuratu.lt\/?page_id=361","title":{"rendered":"LANKOMI OBJEKTAI"},"content":{"rendered":"\n<p><strong>1A <strong>KLAS\u0116<\/strong><\/strong>: <a rel=\"noreferrer noopener\" href=\"https:\/\/arcg.is\/0i0e1f\" data-type=\"URL\" data-id=\"https:\/\/arcg.is\/0i0e1f\" target=\"_blank\">\u201eIstorin\u0117 ekskursija po U\u017eup\u012f\u201c<\/a><\/p>\n\n\n\n<div class=\"wp-block-file\"><a href=\"http:\/\/uzupis.epochuratu.lt\/wp-content\/uploads\/2021\/02\/1B-Ar-Uzupis-tapo-ekologiskesnis.pdf\"><strong>1B KLAS\u0116<\/strong><br>1B-Ar-Uzupis-tapo-ekologiskesnis<\/a><a href=\"http:\/\/uzupis.epochuratu.lt\/wp-content\/uploads\/2021\/02\/1B-Ar-Uzupis-tapo-ekologiskesnis.pdf\" class=\"wp-block-file__button\" download>Parsisi\u0173st<\/a><\/div>\n\n\n\n<div class=\"wp-block-file\"><a href=\"http:\/\/uzupis.epochuratu.lt\/wp-content\/uploads\/2021\/02\/2B-Uzupio-gatves-ir-ju-tinklas.pdf\"><strong>2B KLAS\u0116<\/strong><br>2B-Uzupio-gatves-ir-ju-tinklas<\/a><a href=\"http:\/\/uzupis.epochuratu.lt\/wp-content\/uploads\/2021\/02\/2B-Uzupio-gatves-ir-ju-tinklas.pdf\" class=\"wp-block-file__button\" download>Parsisi\u0173sti<\/a><\/div>\n\n\n\n<p><strong>2D <strong>KLAS\u0116<\/strong>:<\/strong> <a rel=\"noreferrer noopener\" href=\"https:\/\/arcg.is\/0mO0mT\" data-type=\"URL\" data-id=\"https:\/\/arcg.is\/0mO0mT\" target=\"_blank\">\u201eMenai U\u017eupyje vakar ir \u0161iandien\u201c<\/a><\/p>\n\n\n\n<p><strong>2E KLAS\u0116:<\/strong> <a href=\"https:\/\/storymaps.arcgis.com\/stories\/750597cb55ac44aabe814008c363fdea\" data-type=\"URL\" data-id=\"https:\/\/storymaps.arcgis.com\/stories\/750597cb55ac44aabe814008c363fdea\" target=\"_blank\" rel=\"noreferrer noopener\">,,\u012e\u017eym\u016bs U\u017eupio \u017emon\u0117s\u201c<\/a><\/p>\n\n\n\n<p><strong>3A KLAS\u0116:<\/strong> <a rel=\"noreferrer noopener\" href=\"https:\/\/arcg.is\/1zXHSe\" data-type=\"URL\" data-id=\"https:\/\/arcg.is\/1zXHSe\" target=\"_blank\">\u201eEkskursija po literat\u016brin\u012f U\u017eup\u012f\u201c<\/a><\/p>\n\n\n\n<p><strong>3B KLAS\u0116:<\/strong> <a rel=\"noreferrer noopener\" href=\"https:\/\/arcg.is\/0y4uXO\" data-type=\"URL\" data-id=\"https:\/\/arcg.is\/0y4uXO\" target=\"_blank\">\u201eU\u017eupio gatv\u0117s ir j\u0173 tinklas\u201c<\/a><\/p>\n\n\n\n<div class=\"wp-block-file\"><a href=\"http:\/\/uzupis.epochuratu.lt\/wp-content\/uploads\/2021\/02\/3E-Garsus-Uzupio-zmones.pdf\"><strong>3E KLAS\u0116<\/strong><br>3E-Garsus-Uzupio-zmones<\/a><a href=\"http:\/\/uzupis.epochuratu.lt\/wp-content\/uploads\/2021\/02\/3E-Garsus-Uzupio-zmones.pdf\" class=\"wp-block-file__button\" download>Parsisi\u0173sti<\/a><\/div>\n","protected":false},"excerpt":{"rendered":"<p>1A KLAS\u0116: \u201eIstorin\u0117 ekskursija po U\u017eup\u012f\u201c 2D KLAS\u0116: \u201eMenai U\u017eupyje vakar ir \u0161iandien\u201c 2E KLAS\u0116: ,,\u012e\u017eym\u016bs U\u017eupio \u017emon\u0117s\u201c 3A KLAS\u0116: \u201eEkskursija po literat\u016brin\u012f U\u017eup\u012f\u201c 3B KLAS\u0116: \u201eU\u017eupio gatv\u0117s ir j\u0173 <a class=\"more-link\" href=\"https:\/\/uzupis.epochuratu.lt\/?page_id=361\">[ . . . ]<\/a><\/p>\n","protected":false},"author":2,"featured_media":0,"parent":0,"menu_order":0,"comment_status":"closed","ping_status":"closed","template":"","meta":[],"_links":{"self":[{"href":"https:\/\/uzupis.epochuratu.lt\/index.php?rest_route=\/wp\/v2\/pages\/361"}],"collection":[{"href":"https:\/\/uzupis.epochuratu.lt\/index.php?rest_route=\/wp\/v2\/pages"}],"about":[{"href":"https:\/\/uzupis.epochuratu.lt\/index.php?rest_route=\/wp\/v2\/types\/page"}],"author":[{"embeddable":true,"href":"https:\/\/uzupis.epochuratu.lt\/index.php?rest_route=\/wp\/v2\/users\/2"}],"replies":[{"embeddable":true,"href":"https:\/\/uzupis.epochuratu.lt\/index.php?rest_route=%2Fwp%2Fv2%2Fcomments&post=361"}],"version-history":[{"count":5,"href":"https:\/\/uzupis.epochuratu.lt\/index.php?rest_route=\/wp\/v2\/pages\/361\/revisions"}],"predecessor-version":[{"id":396,"href":"https:\/\/uzupis.epochuratu.lt\/index.php?rest_route=\/wp\/v2\/pages\/361\/revisions\/396"}],"wp:attachment":[{"href":"https:\/\/uzupis.epochuratu.lt\/index.php?rest_route=%2Fwp%2Fv2%2Fmedia&parent=361"}],"curies":[{"name":"wp","href":"https:\/\/api.w.org\/{rel}","templated":true}]}}