{"id":5,"date":"2021-01-05T07:37:56","date_gmt":"2021-01-05T07:37:56","guid":{"rendered":"http:\/\/uzupis.epochuratu.lt\/?page_id=5"},"modified":"2021-02-11T21:33:15","modified_gmt":"2021-02-11T21:33:15","slug":"kurkite-savo-tinklalapi-is-bloku","status":"publish","type":"page","link":"https:\/\/uzupis.epochuratu.lt\/?page_id=5","title":{"rendered":"JUBILIEJINIS PROJEKTAS"},"content":{"rendered":"\n<div class=\"wp-block-columns\">\n<div class=\"wp-block-column\" style=\"flex-basis:100%\">\n<div class=\"wp-block-group alignwide\"><div class=\"wp-block-group__inner-container\">\n<div class=\"wp-block-media-text alignwide has-media-on-the-right is-stacked-on-mobile is-vertically-aligned-center\" style=\"grid-template-columns:auto 47%\"><figure class=\"wp-block-media-text__media\"><img loading=\"lazy\" width=\"300\" height=\"200\" src=\"http:\/\/uzupis.epochuratu.lt\/wp-content\/uploads\/2021\/01\/DSC_2586-300x200.jpg\" alt=\"\" class=\"wp-image-25 size-medium\" srcset=\"https:\/\/uzupis.epochuratu.lt\/wp-content\/uploads\/2021\/01\/DSC_2586-300x200.jpg 300w, https:\/\/uzupis.epochuratu.lt\/wp-content\/uploads\/2021\/01\/DSC_2586-1024x681.jpg 1024w, https:\/\/uzupis.epochuratu.lt\/wp-content\/uploads\/2021\/01\/DSC_2586-768x511.jpg 768w, https:\/\/uzupis.epochuratu.lt\/wp-content\/uploads\/2021\/01\/DSC_2586-1536x1022.jpg 1536w, https:\/\/uzupis.epochuratu.lt\/wp-content\/uploads\/2021\/01\/DSC_2586-2048x1363.jpg 2048w, https:\/\/uzupis.epochuratu.lt\/wp-content\/uploads\/2021\/01\/DSC_2586-1568x1043.jpg 1568w\" sizes=\"(max-width: 300px) 100vw, 300px\" \/><\/figure><div class=\"wp-block-media-text__content\">\n<p class=\"has-text-align-center has-small-font-size\">2020-ieji de\u0161imtieji projekto ,,Epoch\u0173 ratu\u201c metai. Gra\u017eus jubiliejus. Integruotas projektas, vykstantis kiekvienais mokslo metais, jau apsuko did\u017eiul\u012f rat\u0105, keliavome po Antik\u0105, Renesans\u0105, Viduram\u017eius, Barok\u0105, Klasicizm\u0105, Ap\u0161viet\u0105, Romantizm\u0105, 2018m. projekt\u0105 skyr\u0117me Lietuvos Nepriklausomyb\u0117s \u0161imtme\u010diui, pernai Vilniaus miesto 696- ajam gimtadieniui. \u0160is projektas galimyb\u0117 atsiskleisti mokini\u0173 k\u016brybi\u0161kumui, b\u016bdas surasti kiekvienam \u012fdomios veiklos r\u016b\u0161\u012f, tobulinti \u012fvairias kompetencijas: bendravimo, iniciatyvumo, pa\u017einimo, mokymosi mokytis ir kt. Projektas suvienija m\u016bs\u0173 bendruomen\u0119 k\u016brybinei veiklai, sudaro galimybes ugdytis kitokiose erdv\u0117se, ugdo atsakomyb\u0117s u\u017e kolektyv\u0105 supratim\u0105.<\/p>\n\n\n\n<p><\/p>\n<\/div><\/div>\n<\/div><\/div>\n<\/div>\n<\/div>\n\n\n\n<div class=\"wp-block-group alignwide\"><div class=\"wp-block-group__inner-container\">\n<figure class=\"wp-block-table alignwide is-style-stripes\"><table><tbody><tr><td class=\"has-text-align-left\" data-align=\"left\">Projektas ,,Epoch\u0173 ratu\u201c m\u016bs\u0173 gimnazistams teikia daug d\u017eiaugsmo. Galima imtis \u012fvairi\u0173 iniciatyv\u0173, atsiskleisti m\u0117gstamose srityse. \u0160iemet nuspend\u0117me giliau susipa\u017einti su artimiausia aplinka \u2013 U\u017eupiu. Esame \u0161io miesto rajono mokykla, \u010dia U\u017eupio angelas, \u010dia m\u016bs\u0173 Krivi\u0173 gatv\u0117, kuria skubame kasdien \u012f mokykl\u0105. Vieta, kur gyvename ir dirbame, mums brangi, ji turi turting\u0105 istorij\u0105. Gimnazija visada siek\u0117 bendryst\u0117s su U\u017eupio \u017emon\u0117mis, menininkais, \u012fvairiomis organizacijomis.<\/td><\/tr><tr><td class=\"has-text-align-left\" data-align=\"left\">\u0160iemet, nors projektas vyks nuotoliniu b\u016bdu, esame pasiry\u017e\u0119 parodyti ne ma\u017eesn\u012f susidom\u0117jim\u0105 darbu, gal net pavyks sukurti nauj\u0173, labai \u012ftaigi\u0173 projekt\u0173, atrasti nauj\u0173 rai\u0161kos b\u016bd\u0173 ir form\u0173. Kaip ir kasmet, pasirengimas projektui prad\u0117tas jau spalio m\u0117nes\u012f. Metodin\u0117je taryboje buvo aptartas veiklos projektas ir pristatytas mokytojams. Kiekviena klas\u0117 i\u0161trauk\u0117&nbsp; tem\u0105, temos apima \u012fvairias sritis: literat\u016br\u0105, istorij\u0105, men\u0105, ekologij\u0105\u2026 Dom\u0117sim\u0117s \u012f\u017eymi\u0173 U\u017eupio \u017emoni\u0173 ind\u0117liu \u012f kult\u016br\u0105, rajono gatv\u0117mis, kursime ekskursij\u0173 projektus, imsime interviu, meni\u0161ku \u017eod\u017eiu atskleisime U\u017eupio i\u0161skirtinum\u0105 ir gro\u017e\u012f. &nbsp;\u0160iais metais, be dalykinio ir meninio temos pristatymo, knygos puslapi\u0173 ra\u0161ymo, filmuko k\u016brimo, menin\u0117s nuotraukos, mokiniai gal\u0117s kurti dain\u0105 apie U\u017eup\u012f, ra\u0161yti eil\u0117ra\u0161t\u012f ar od\u0119, es\u0117 ar kito \u017eanro original\u0173 tekst\u0105, &nbsp;kurti \u0161okio ar teatro pasirodym\u0105, muzikin\u012f k\u016brin\u012f.&nbsp; Naujos veiklos sritys- lankomo objekto apra\u0161ymas, skirtas ekskursijai, virtulios ekskursijos mar\u0161ruto po U\u017eup\u012f paruo\u0161imas u\u017esienio kalbomis, kuriamas naudojantis: google tour creator, suvenyro eskizas su detaliu apra\u0161ymu, U\u017eupio sveikatingumo tako id\u0117jos pl\u0117tot\u0117. Matematikos mokytojai vadovaus statistiniams tyrimams, gamtos moksl\u0173- teritorijos u\u017estatymo tankio \u017eem\u0117lapio vakar ir \u0161iandien rengimui. Projekto ap\u017evalg\u0105 vykdys grup\u0117 \u017eurnalist\u0173 ir fotograf\u0173, bus ra\u0161omas lankstinukas lietuvi\u0173 ir u\u017esienio kalbomis. Mokytojai, kurdami u\u017eduotis, siekia j\u0173 \u012fvairov\u0117s, kad visi mokiniai gal\u0117t\u0173 rinktis tai, kas jiems patinka ir sekasi.<\/td><\/tr><tr><td class=\"has-text-align-left\" data-align=\"left\">\u0160iuo metu aukl\u0117toj\u0173 vadovaujami visi 1-3 klasi\u0173 mokiniai pasiskirst\u0117 veiklos sritis. Projekto metu paskirti mokytojai konsultuos k\u016brybines grupes, pristatys numatytas veiklas ir reikalavimus, teiks patarim\u0173, kaip rinkti med\u017eiag\u0105 ar j\u0105 \u012fdomiai perteikti.<\/td><\/tr><tr><td class=\"has-text-align-left\" data-align=\"left\">Kiekvienais metais projekto veikla analizuojama, aptariami jos privalumai ir tr\u016bkumai, tobulinama, praple\u010diama naujomis id\u0117jomis. Sveikinu visus, k\u016brybingai nusiteikusius daug su\u017einoti apie m\u016bs\u0173 mylim\u0105 miesto rajon\u0105, jo istorij\u0105, asmenybes, linkiu entuziazmo ir \u012fkv\u0117pimo atliekant projekt\u0105.<\/td><\/tr><tr><td class=\"has-text-align-left\" data-align=\"left\"><strong>Direktor\u0117 Virginija Emilija &nbsp;Navickien\u0117<\/strong><\/td><\/tr><\/tbody><\/table><\/figure>\n<\/div><\/div>\n","protected":false},"excerpt":{"rendered":"","protected":false},"author":1,"featured_media":0,"parent":0,"menu_order":0,"comment_status":"closed","ping_status":"closed","template":"","meta":[],"_links":{"self":[{"href":"https:\/\/uzupis.epochuratu.lt\/index.php?rest_route=\/wp\/v2\/pages\/5"}],"collection":[{"href":"https:\/\/uzupis.epochuratu.lt\/index.php?rest_route=\/wp\/v2\/pages"}],"about":[{"href":"https:\/\/uzupis.epochuratu.lt\/index.php?rest_route=\/wp\/v2\/types\/page"}],"author":[{"embeddable":true,"href":"https:\/\/uzupis.epochuratu.lt\/index.php?rest_route=\/wp\/v2\/users\/1"}],"replies":[{"embeddable":true,"href":"https:\/\/uzupis.epochuratu.lt\/index.php?rest_route=%2Fwp%2Fv2%2Fcomments&post=5"}],"version-history":[{"count":20,"href":"https:\/\/uzupis.epochuratu.lt\/index.php?rest_route=\/wp\/v2\/pages\/5\/revisions"}],"predecessor-version":[{"id":372,"href":"https:\/\/uzupis.epochuratu.lt\/index.php?rest_route=\/wp\/v2\/pages\/5\/revisions\/372"}],"wp:attachment":[{"href":"https:\/\/uzupis.epochuratu.lt\/index.php?rest_route=%2Fwp%2Fv2%2Fmedia&parent=5"}],"curies":[{"name":"wp","href":"https:\/\/api.w.org\/{rel}","templated":true}]}}