{"id":76,"date":"2021-01-08T09:19:23","date_gmt":"2021-01-08T09:19:23","guid":{"rendered":"http:\/\/uzupis.epochuratu.lt\/?page_id=76"},"modified":"2021-02-11T21:32:37","modified_gmt":"2021-02-11T21:32:37","slug":"temos","status":"publish","type":"page","link":"https:\/\/uzupis.epochuratu.lt\/?page_id=76","title":{"rendered":"TEMOS"},"content":{"rendered":"\n<p><strong>1 klas\u0117s<\/strong><\/p>\n\n\n\n<ol type=\"1\"><li>\u201eBendra U\u017eupio istorija\u201c;1a<\/li><li>Ar U\u017eupis tapo ekologi\u0161kesnis? (\u0161ildymas, atliek\u0173 tvarkymas, dirvo\u017eemio, oro ir vandens tar\u0161a, \u017ealiosios zonos, parkai, automobili\u0173 eismas, buvusios pramon\u0117s \u012fmon\u0117s).1b<\/li><li>Menai &nbsp;U\u017eupyje &nbsp;&nbsp;vakar ir \u0161iandien1e<\/li><li>\u201eBernardin\u0173 kapin\u0117ms 210 met\u0173\u201c;1c<\/li><li>\u201eGars\u016bs U\u017eupio \u017emon\u0117s\u201c;1d<\/li><\/ol>\n\n\n\n<p><strong>2 klas\u0117s<\/strong><\/p>\n\n\n\n<ol type=\"1\"><li>\u201eU\u017eupio Respublikos istorija\u201c;2a<\/li><li>Ar U\u017eupis tapo ekologi\u0161kesnis? (\u0161ildymas, atliek\u0173 tvarkymas, dirvo\u017eemio, oro ir vandens tar\u0161a, \u017ealiosios zonos, parkai, automobili\u0173 eismas, buvusios pramon\u0117s \u012fmon\u0117s).2c<\/li><li>Menai &nbsp;U\u017eupyje &nbsp;&nbsp;vakar ir \u0161iandien2d<\/li><li>\u201eGars\u016bs U\u017eupio \u017emon\u0117s\u201c;2e<\/li><li>U\u017eupio gatv\u0117s ir j\u0173 tinklas2b<\/li><\/ol>\n\n\n\n<p><strong>3 klas\u0117s<\/strong><\/p>\n\n\n\n<ol type=\"1\"><li>\u201eGars\u016bs U\u017eupio \u017emon\u0117s\u201c;3e<\/li><li>Literat\u016brinis U\u017eupis 3a<\/li><li>Ar U\u017eupis tapo ekologi\u0161kesnis? (\u0161ildymas, atliek\u0173 tvarkymas, dirvo\u017eemio, oro ir vandens tar\u0161a, \u017ealiosios zonos, parkai, automobili\u0173 eismas, buvusios pramon\u0117s \u012fmon\u0117s).3c<\/li><li>Menai &nbsp;U\u017eupyje &nbsp;&nbsp;vakar ir \u0161iandien3d<\/li><li>U\u017eupio gatv\u0117s ir j\u0173 tinklas3b<\/li><\/ol>\n\n\n\n<p><\/p>\n","protected":false},"excerpt":{"rendered":"<p>1 klas\u0117s \u201eBendra U\u017eupio istorija\u201c;1a Ar U\u017eupis tapo ekologi\u0161kesnis? (\u0161ildymas, atliek\u0173 tvarkymas, dirvo\u017eemio, oro ir vandens tar\u0161a, \u017ealiosios zonos, parkai, automobili\u0173 eismas, buvusios pramon\u0117s \u012fmon\u0117s).1b Menai &nbsp;U\u017eupyje &nbsp;&nbsp;vakar ir \u0161iandien1e <a class=\"more-link\" href=\"https:\/\/uzupis.epochuratu.lt\/?page_id=76\">[ . . . ]<\/a><\/p>\n","protected":false},"author":1,"featured_media":0,"parent":0,"menu_order":0,"comment_status":"closed","ping_status":"closed","template":"","meta":[],"_links":{"self":[{"href":"https:\/\/uzupis.epochuratu.lt\/index.php?rest_route=\/wp\/v2\/pages\/76"}],"collection":[{"href":"https:\/\/uzupis.epochuratu.lt\/index.php?rest_route=\/wp\/v2\/pages"}],"about":[{"href":"https:\/\/uzupis.epochuratu.lt\/index.php?rest_route=\/wp\/v2\/types\/page"}],"author":[{"embeddable":true,"href":"https:\/\/uzupis.epochuratu.lt\/index.php?rest_route=\/wp\/v2\/users\/1"}],"replies":[{"embeddable":true,"href":"https:\/\/uzupis.epochuratu.lt\/index.php?rest_route=%2Fwp%2Fv2%2Fcomments&post=76"}],"version-history":[{"count":3,"href":"https:\/\/uzupis.epochuratu.lt\/index.php?rest_route=\/wp\/v2\/pages\/76\/revisions"}],"predecessor-version":[{"id":370,"href":"https:\/\/uzupis.epochuratu.lt\/index.php?rest_route=\/wp\/v2\/pages\/76\/revisions\/370"}],"wp:attachment":[{"href":"https:\/\/uzupis.epochuratu.lt\/index.php?rest_route=%2Fwp%2Fv2%2Fmedia&parent=76"}],"curies":[{"name":"wp","href":"https:\/\/api.w.org\/{rel}","templated":true}]}}