{"id":87,"date":"2021-01-11T12:15:25","date_gmt":"2021-01-11T12:15:25","guid":{"rendered":"http:\/\/uzupis.epochuratu.lt\/?page_id=87"},"modified":"2021-02-11T21:34:03","modified_gmt":"2021-02-11T21:34:03","slug":"reikalavimai-2","status":"publish","type":"page","link":"https:\/\/uzupis.epochuratu.lt\/?page_id=87","title":{"rendered":"REIKALAVIMAI"},"content":{"rendered":"\n<div class=\"wp-block-columns\">\n<div class=\"wp-block-column\">\n<figure class=\"wp-block-table is-style-stripes\"><table><tbody><tr><td>Lankom\u0173 objekt\u0173 su apra\u0161ymu ekskursijai veiklos reikalavimai<\/td><td><a href=\"http:\/\/uzupis.epochuratu.lt\/wp-content\/uploads\/2021\/01\/Lankomu-objektu-su-aprasymu-ekskursijai-veiklos-reikalavimai.odt\" target=\"_blank\" rel=\"noreferrer noopener\">Atsisi\u0173sti<\/a>.<\/td><\/tr><tr><td>Lankstinukas angl\u0173 kalba Jadvyga D.<\/td><td><a href=\"http:\/\/uzupis.epochuratu.lt\/wp-content\/uploads\/2021\/01\/LANKSTINUKAS-Anglu-kalba-Jadvygos.docx\" target=\"_blank\" rel=\"noreferrer noopener\">Atsisi\u0173sti<\/a>.<\/td><\/tr><tr><td>Lankstinukas reikalavimai<\/td><td><a href=\"http:\/\/uzupis.epochuratu.lt\/wp-content\/uploads\/2021\/01\/Lankstinukas-reikalavimai.docx\" target=\"_blank\" rel=\"noreferrer noopener\">Atsisi\u0173sti<\/a>.<\/td><\/tr><tr><td>Matematika U\u017eupio architekt\u016broje reikalavimai<\/td><td><a href=\"http:\/\/uzupis.epochuratu.lt\/wp-content\/uploads\/2021\/01\/Matematika-Uzupio-architekturoje-reikalavimai.docx\" target=\"_blank\" rel=\"noreferrer noopener\">Atsisi\u0173sti<\/a>.<\/td><\/tr><tr><td>Muzika reikalavimai<\/td><td><a href=\"http:\/\/uzupis.epochuratu.lt\/wp-content\/uploads\/2021\/01\/Muzika-Reikalavimai.docx\" target=\"_blank\" rel=\"noreferrer noopener\">Atsisi\u0173sti<\/a>.<\/td><\/tr><tr><td>Statistin\u0117 analiz\u0117 reikalavimai<\/td><td><a href=\"http:\/\/uzupis.epochuratu.lt\/wp-content\/uploads\/2021\/01\/Satistine-analize-reikalavimai.docx\" target=\"_blank\" rel=\"noreferrer noopener\">Atsisi\u0173sti<\/a>.<\/td><\/tr><tr><td>Suvenyro reikalavimai<\/td><td><a href=\"http:\/\/uzupis.epochuratu.lt\/wp-content\/uploads\/2021\/01\/Suvenyro-reikalavimai.docx\" target=\"_blank\" rel=\"noreferrer noopener\">Atsisi\u0173sti<\/a>.<\/td><\/tr><tr><td>U\u017eupio sveikatingumo tako vertinimo kriterijai<\/td><td><a href=\"http:\/\/uzupis.epochuratu.lt\/wp-content\/uploads\/2021\/01\/Uzupio-sveikatingumo-tako-vertinimo-kriterijai.docx\" target=\"_blank\" rel=\"noreferrer noopener\">Atsisi\u0173sti<\/a>.<\/td><\/tr><tr><td>Video reikalavimai<\/td><td><a href=\"http:\/\/uzupis.epochuratu.lt\/wp-content\/uploads\/2021\/01\/Video-reikalavimai.pdf\" target=\"_blank\" rel=\"noreferrer noopener\">Atsisi\u0173sti<\/a>.<\/td><\/tr><tr><td>Virtualus turas (angl\u0173 k.) reikalavimai<\/td><td><a href=\"http:\/\/uzupis.epochuratu.lt\/wp-content\/uploads\/2021\/01\/Virtualus-turas-anglu-k.-reikalavimai.docx\" target=\"_blank\" rel=\"noreferrer noopener\">Atsisi\u0173sti<\/a>.<\/td><\/tr><tr><td>Nuotraukos reikalavimai<\/td><td><a href=\"http:\/\/uzupis.epochuratu.lt\/wp-content\/uploads\/2021\/01\/Nuotraukos-reikalavimai.docx\" target=\"_blank\" rel=\"noreferrer noopener\">Atsisi\u0173sti<\/a>.<\/td><\/tr><tr><td>Knyga laikra\u0161tis reikalavimai<\/td><td><a href=\"http:\/\/uzupis.epochuratu.lt\/wp-content\/uploads\/2021\/01\/Knyga_laikrastis-Reikalavimai.pptx\">Atsisi\u0173sti<\/a>.<\/td><\/tr><tr><td>Pateikties reikalavimai<\/td><td><a href=\"http:\/\/uzupis.epochuratu.lt\/wp-content\/uploads\/2021\/01\/Pateikties-reikalavimai.pptx\" target=\"_blank\" rel=\"noreferrer noopener\">Atsisi\u0173sti<\/a>.<\/td><\/tr><\/tbody><\/table><\/figure>\n<\/div>\n<\/div>\n\n\n\n<p><strong>Gamtos mokslai<\/strong><\/p>\n\n\n\n<figure class=\"wp-block-table is-style-stripes\"><table><tbody><tr><td>Atliek\u0173 r\u016b\u0161iavimo tyrimas reikalavimai<\/td><td class=\"has-text-align-right\" data-align=\"right\"><a href=\"http:\/\/uzupis.epochuratu.lt\/wp-content\/uploads\/2021\/01\/Atlieku-rusiavimo-tyrimas-reikalavimai.docx\" target=\"_blank\" rel=\"noreferrer noopener\">Atsisi\u0173sti<\/a>.<\/td><\/tr><tr><td>Co ir triuk\u0161mas reikalavimai<\/td><td class=\"has-text-align-right\" data-align=\"right\"><a href=\"http:\/\/uzupis.epochuratu.lt\/wp-content\/uploads\/2021\/01\/Co-ir-triuksmas-reikalavimai.docx\" target=\"_blank\" rel=\"noreferrer noopener\">Atsisi\u0173sti<\/a>.<\/td><\/tr><tr><td>\u017daliosios zonos reikalavimai<\/td><td class=\"has-text-align-right\" data-align=\"right\"><a href=\"http:\/\/uzupis.epochuratu.lt\/wp-content\/uploads\/2021\/01\/zaliosios-zonos-reikalavimai.docx\" target=\"_blank\" rel=\"noreferrer noopener\">Atsisi\u0173sti<\/a>.<\/td><\/tr><\/tbody><\/table><\/figure>\n\n\n\n<p><\/p>\n","protected":false},"excerpt":{"rendered":"<p>Lankom\u0173 objekt\u0173 su apra\u0161ymu ekskursijai veiklos reikalavimai Atsisi\u0173sti. Lankstinukas angl\u0173 kalba Jadvyga D. Atsisi\u0173sti. Lankstinukas reikalavimai Atsisi\u0173sti. Matematika U\u017eupio architekt\u016broje reikalavimai Atsisi\u0173sti. Muzika reikalavimai Atsisi\u0173sti. Statistin\u0117 analiz\u0117 reikalavimai Atsisi\u0173sti. Suvenyro <a class=\"more-link\" href=\"https:\/\/uzupis.epochuratu.lt\/?page_id=87\">[ . . . ]<\/a><\/p>\n","protected":false},"author":1,"featured_media":0,"parent":0,"menu_order":0,"comment_status":"closed","ping_status":"closed","template":"","meta":[],"_links":{"self":[{"href":"https:\/\/uzupis.epochuratu.lt\/index.php?rest_route=\/wp\/v2\/pages\/87"}],"collection":[{"href":"https:\/\/uzupis.epochuratu.lt\/index.php?rest_route=\/wp\/v2\/pages"}],"about":[{"href":"https:\/\/uzupis.epochuratu.lt\/index.php?rest_route=\/wp\/v2\/types\/page"}],"author":[{"embeddable":true,"href":"https:\/\/uzupis.epochuratu.lt\/index.php?rest_route=\/wp\/v2\/users\/1"}],"replies":[{"embeddable":true,"href":"https:\/\/uzupis.epochuratu.lt\/index.php?rest_route=%2Fwp%2Fv2%2Fcomments&post=87"}],"version-history":[{"count":8,"href":"https:\/\/uzupis.epochuratu.lt\/index.php?rest_route=\/wp\/v2\/pages\/87\/revisions"}],"predecessor-version":[{"id":373,"href":"https:\/\/uzupis.epochuratu.lt\/index.php?rest_route=\/wp\/v2\/pages\/87\/revisions\/373"}],"wp:attachment":[{"href":"https:\/\/uzupis.epochuratu.lt\/index.php?rest_route=%2Fwp%2Fv2%2Fmedia&parent=87"}],"curies":[{"name":"wp","href":"https:\/\/api.w.org\/{rel}","templated":true}]}}